{"id":19,"date":"2025-03-09T12:13:46","date_gmt":"2025-03-09T12:13:46","guid":{"rendered":"https:\/\/www.webjurik.zdenekhrdina.cz\/index.php\/login\/"},"modified":"2025-03-13T10:58:30","modified_gmt":"2025-03-13T10:58:30","slug":"login","status":"publish","type":"page","link":"https:\/\/www.webjurik.zdenekhrdina.cz\/index.php\/login\/","title":{"rendered":""},"content":{"rendered":"<div id=\"user-registration\" class=\"user-registration\">\n<div class=\"ur-frontend-form login  \" id=\"ur-frontend-form\">\n\t<form class=\"user-registration-form user-registration-form-login login\" method=\"post\">\n\t\t<div class=\"ur-form-row\">\n\t\t\t<div class=\"ur-form-grid\">\n\t\t\t\t\t\t\t\t\t\t\t\t\t\t<p class=\"user-registration-form-row user-registration-form-row--wide form-row form-row-wide\" data-field=\"username\">\n\t\t\t\t\t\t<label for=\"username\">U\u017eivatelsk\u00e9 jm\u00e9no \/ e-mail <span class=\"required\">*<\/span><\/label>\t\t\t\t\t\t<span class=\"input-wrapper\">\n\t\t\t\t\t\t<input placeholder=\"\" type=\"text\" class=\"user-registration-Input user-registration-Input--text input-text\" name=\"username\" id=\"username\" value=\"\" style=\"\"\/>\n\t\t\t\t\t\t\t\t\t\t\t\t<\/span>\n\t\t\t\t\t<\/p>\n\t\t\t\t\t\t\t\t\t\t<p class=\"user-registration-form-row user-registration-form-row--wide form-row form-row-wide\">\n\t\t\t\t\t\t<label for=\"password\">Heslo <span class=\"required\">*<\/span><\/label>\t\t\t\t\t\t<span class=\"input-wrapper\">\n\t\t\t\t\t\t<span class=\"password-input-group\">\n\t\t\t\t\t\t<input placeholder=\"\" class=\"user-registration-Input user-registration-Input--text input-text\" type=\"password\" name=\"password\" id=\"password\" style=\"\" \/>\n\n\t\t\t\t\t\t\t\t\t\t\t\t\t\t\t\t\t\t<\/span>\n\t\t\t\t\t<\/p>\n\t\t\t\t\t\t\t\t\t\t\n\t\t\t\t\t\t\t\t\t\t<p class=\"form-row\">\n\t\t\t\t\t\t<input type=\"hidden\" id=\"user-registration-login-nonce\" name=\"user-registration-login-nonce\" value=\"c5da34ce34\" \/><input type=\"hidden\" name=\"_wp_http_referer\" value=\"\/index.php\/wp-json\/wp\/v2\/pages\/19\" \/>\t\t\t\t\t\t\t<div class=\"user-registration-before-login-btn\">\n\t\t\t\t\t\t\t\t\t\t\t\t\t\t\t\t\t\t<label class=\"user-registration-form__label user-registration-form__label-for-checkbox inline\">\n\t\t\t\t\t\t\t\t\t\t\t<input class=\"user-registration-form__input user-registration-form__input-checkbox\" name=\"rememberme\" type=\"checkbox\" id=\"rememberme\" value=\"forever\" \/> <span>Pamatuj si m\u011b<\/span>\n\t\t\t\t\t\t\t\t\t\t<\/label>\n\t\t\t\t\t\t\t\t\t\t\t\t\t\t\t\t\t\t\t\t\t\t\t\t\t\t\t<p class=\"user-registration-LostPassword lost_password\">\n\t\t\t\t\t\t\t\t\t\t\t<a href=\"https:\/\/www.webjurik.zdenekhrdina.cz\/index.php\/lost-password\/\">Zapomenut\u00e9 heslo<\/a>\n\t\t\t\t\t\t\t\t\t\t<\/p>\n\t\t\t\t\t\t\t\t\t\t\t\t\t\t\t\t<\/div>\n\t\t\t\t\t\t\t\t\t\t\t\t\t<\/p>\n\t\t\t\t\t<div>\n\t\t\t\t\t\t\t\t\t\t\t\t\t\t\t\t\t<button type=\"submit\" class=\"user-registration-Button button \" name=\"login\" value=\"P\u0159ihl\u00e1sit\" \/>P\u0159ihl\u00e1sit<\/button>\n\t\t\t\t\t\t\t\t\t\t\t<\/div>\n\t\t\t\t\t<input type=\"hidden\" name=\"redirect\" value=\"\" \/>\n\n\t\t\t\t\t<p class=\"user-registration-register register\">\t\t\t\t\t\t\t\t<a href=\"https:\/\/www.webjurik.zdenekhrdina.cz\/index.php\/registration\/\"> Nem\u00e1te \u00fa\u010det? Zalo\u017ete si ho!\t\t\t\t\t\t\t\t\t<\/a>\n\t\t\t\t\t\t\t\t<\/p>\t\t\t\t\t\t\t\t<\/div>\n\t\t<\/div>\n\t<\/form>\n\n<\/div>\n\n<\/div>\n\n\n<p><\/p>\n","protected":false},"excerpt":{"rendered":"","protected":false},"author":1,"featured_media":0,"parent":0,"menu_order":0,"comment_status":"closed","ping_status":"closed","template":"","meta":{"zakra_sidebar_layout":"customizer","zakra_remove_content_margin":false,"zakra_sidebar":"customizer","zakra_transparent_header":"customizer","zakra_logo":0,"zakra_main_header_style":"default","zakra_menu_item_color":"","zakra_menu_item_hover_color":"","zakra_menu_item_active_color":"","zakra_menu_active_style":"","zakra_page_header":true,"_bbp_topic_count":0,"_bbp_reply_count":0,"_bbp_total_topic_count":0,"_bbp_total_reply_count":0,"_bbp_voice_count":0,"_bbp_anonymous_reply_count":0,"_bbp_topic_count_hidden":0,"_bbp_reply_count_hidden":0,"_bbp_forum_subforum_count":0,"footnotes":""},"class_list":["post-19","page","type-page","status-publish","hentry"],"_links":{"self":[{"href":"https:\/\/www.webjurik.zdenekhrdina.cz\/index.php\/wp-json\/wp\/v2\/pages\/19","targetHints":{"allow":["GET"]}}],"collection":[{"href":"https:\/\/www.webjurik.zdenekhrdina.cz\/index.php\/wp-json\/wp\/v2\/pages"}],"about":[{"href":"https:\/\/www.webjurik.zdenekhrdina.cz\/index.php\/wp-json\/wp\/v2\/types\/page"}],"author":[{"embeddable":true,"href":"https:\/\/www.webjurik.zdenekhrdina.cz\/index.php\/wp-json\/wp\/v2\/users\/1"}],"replies":[{"embeddable":true,"href":"https:\/\/www.webjurik.zdenekhrdina.cz\/index.php\/wp-json\/wp\/v2\/comments?post=19"}],"version-history":[{"count":1,"href":"https:\/\/www.webjurik.zdenekhrdina.cz\/index.php\/wp-json\/wp\/v2\/pages\/19\/revisions"}],"predecessor-version":[{"id":72,"href":"https:\/\/www.webjurik.zdenekhrdina.cz\/index.php\/wp-json\/wp\/v2\/pages\/19\/revisions\/72"}],"wp:attachment":[{"href":"https:\/\/www.webjurik.zdenekhrdina.cz\/index.php\/wp-json\/wp\/v2\/media?parent=19"}],"curies":[{"name":"wp","href":"https:\/\/api.w.org\/{rel}","templated":true}]}}